{"id":597,"date":"2022-08-31T19:25:08","date_gmt":"2022-08-31T18:25:08","guid":{"rendered":"https:\/\/sig.moving-africa.com\/?page_id=597"},"modified":"2023-03-22T10:20:26","modified_gmt":"2023-03-22T09:20:26","slug":"regeneration-des-hotspots","status":"publish","type":"page","link":"https:\/\/sig.moving-africa.com\/en\/regeneration-des-hotspots\/","title":{"rendered":"(re)G\u00e9n\u00e9ration des Hotspots"},"content":{"rendered":"<p>[et_pb_section fb_built=\u00a0\u00bb1&Prime; admin_label=\u00a0\u00bbsection\u00a0\u00bb _builder_version=\u00a0\u00bb4.18.0&Prime; background_color=\u00a0\u00bb#ffffff\u00a0\u00bb max_width=\u00a0\u00bb80%\u00a0\u00bb module_alignment=\u00a0\u00bbcenter\u00a0\u00bb height=\u00a0\u00bb100%\u00a0\u00bb custom_padding=\u00a0\u00bb0px|0px|0px|0px|true|true\u00a0\u00bb custom_css_main_element=\u00a0\u00bbdisplay: flex;||flex-direction: column;\u00a0\u00bb border_width_all=\u00a0\u00bb10px\u00a0\u00bb border_color_all=\u00a0\u00bb#5C0096&Prime; box_shadow_style=\u00a0\u00bbpreset3&Prime; box_shadow_blur=\u00a0\u00bb25px\u00a0\u00bb box_shadow_color=\u00a0\u00bbrgba(0,0,0,0.15)\u00a0\u00bb global_colors_info=\u00a0\u00bb{}\u00a0\u00bb][et_pb_row admin_label=\u00a0\u00bbrow\u00a0\u00bb _builder_version=\u00a0\u00bb4.18.0&Prime; background_color=\u00a0\u00bb#ffffff\u00a0\u00bb background_size=\u00a0\u00bbinitial\u00a0\u00bb background_position=\u00a0\u00bbtop_left\u00a0\u00bb background_repeat=\u00a0\u00bbrepeat\u00a0\u00bb width=\u00a0\u00bb100%\u00a0\u00bb max_width=\u00a0\u00bbnone\u00a0\u00bb module_alignment=\u00a0\u00bbcenter\u00a0\u00bb custom_padding=\u00a0\u00bb15px|20px|15px|20px|true|true\u00a0\u00bb custom_css_main_element=\u00a0\u00bbflex: 0 0 70px;\u00a0\u00bb border_color_bottom=\u00a0\u00bb#6200ea\u00a0\u00bb locked=\u00a0\u00bboff\u00a0\u00bb global_colors_info=\u00a0\u00bb{}\u00a0\u00bb][et_pb_column type=\u00a0\u00bb4_4&Prime; _builder_version=\u00a0\u00bb4.16&Prime; custom_padding=\u00a0\u00bb|||\u00a0\u00bb global_colors_info=\u00a0\u00bb{}\u00a0\u00bb custom_padding__hover=\u00a0\u00bb|||\u00a0\u00bb][et_pb_blurb title=\u00a0\u00bb%91Re%93G\u00e9n\u00e9ration des Hotspots pour les visiteurs\u00a0\u00bb use_icon=\u00a0\u00bbon\u00a0\u00bb font_icon=\u00a0\u00bb&#xf085;||fa||900&Prime; icon_color=\u00a0\u00bb#5c0096&Prime; _builder_version=\u00a0\u00bb4.18.0&Prime; _module_preset=\u00a0\u00bbdefault\u00a0\u00bb header_text_color=\u00a0\u00bb#000000&Prime; header_font_size=\u00a0\u00bb25px\u00a0\u00bb body_text_color=\u00a0\u00bb#000000&Prime; body_letter_spacing=\u00a0\u00bb1px\u00a0\u00bb background_color=\u00a0\u00bbrgba(214,214,214,0.35)\u00a0\u00bb background_enable_mask_style=\u00a0\u00bbon\u00a0\u00bb background_mask_style=\u00a0\u00bbchevrons\u00a0\u00bb background_mask_color=\u00a0\u00bbrgba(131,0,233,0.08)\u00a0\u00bb background_mask_transform=\u00a0\u00bbrotate_90_degree|flip_vertical\u00a0\u00bb display_conditions=\u00a0\u00bbW3siaWQiOiIyYjVjMGE3NC1jMzkzLTRhYWItOTQ5YS0xMDY5YTdmNGZkOTciLCJjb25kaXRpb24iOiJsb2dnZWRJblN0YXR1cyIsImNvbmRpdGlvblNldHRpbmdzIjp7ImRpc3BsYXlSdWxlIjoibG9nZ2VkSW4iLCJhZG1pbkxhYmVsIjoiTG9nZ2VkIEluIFN0YXR1cyIsImVuYWJsZUNvbmRpdGlvbiI6Im9uIn0sIm9wZXJhdG9yIjoiT1IifV0=\u00a0\u00bb custom_padding=\u00a0\u00bb36px||36px||true|false\u00a0\u00bb header_text_shadow_style=\u00a0\u00bbpreset1&Prime; global_colors_info=\u00a0\u00bb{}\u00a0\u00bb]<\/p>\n<p>Ceci (re) g\u00e9n\u00e9rera les hotspots sur le \u00ab site visiteurs \u00bb.<br \/>cette action est n\u00e9cessaire apr\u00e8s l&rsquo;ajout ou la rectification d&rsquo;un ou de plusieurs PIs (Points d&rsquo;Int\u00e9r\u00eat) dans la console \u00ab Gestion des PIs \u00bb.<\/p>\n<p>Assurez vous de v\u00e9rifier apr\u00e8s cette g\u00e9n\u00e9ration que les modifications apport\u00e9es sont bien visible sur le site des visiteurs (pensez \u00e0 vider les caches de votre navigateur et du CDN)<\/p>\n<p>[\/et_pb_blurb][et_pb_blurb title=\u00a0\u00bbCette page n&rsquo;est accessible qu&rsquo;aux utilisateurs authentifi\u00e9s\u00a0\u00bb use_icon=\u00a0\u00bbon\u00a0\u00bb font_icon=\u00a0\u00bb&#x7e;||divi||400&Prime; icon_color=\u00a0\u00bb#E02B20&Prime; _builder_version=\u00a0\u00bb4.18.0&Prime; _module_preset=\u00a0\u00bbdefault\u00a0\u00bb header_text_align=\u00a0\u00bbcenter\u00a0\u00bb header_text_color=\u00a0\u00bb#E02B20&Prime; header_font_size=\u00a0\u00bb25px\u00a0\u00bb header_letter_spacing=\u00a0\u00bb1px\u00a0\u00bb header_line_height=\u00a0\u00bb1.3em\u00a0\u00bb body_text_color=\u00a0\u00bb#000000&Prime; body_letter_spacing=\u00a0\u00bb1px\u00a0\u00bb background_color=\u00a0\u00bbrgba(214,214,214,0.35)\u00a0\u00bb background_enable_mask_style=\u00a0\u00bbon\u00a0\u00bb background_mask_style=\u00a0\u00bbchevrons\u00a0\u00bb background_mask_color=\u00a0\u00bbrgba(131,0,233,0.08)\u00a0\u00bb background_mask_transform=\u00a0\u00bbrotate_90_degree|flip_vertical\u00a0\u00bb display_conditions=\u00a0\u00bbW3siaWQiOiI2ZWM4MGVjZS1mNjgyLTQ1ODAtODA4MC0xMWE2NmY2ODJhNGQiLCJjb25kaXRpb24iOiJsb2dnZWRJblN0YXR1cyIsImNvbmRpdGlvblNldHRpbmdzIjp7ImRpc3BsYXlSdWxlIjoibG9nZ2VkT3V0IiwiYWRtaW5MYWJlbCI6IkxvZ2dlZCBJbiBTdGF0dXMiLCJlbmFibGVDb25kaXRpb24iOiJvbiJ9LCJvcGVyYXRvciI6Ik9SIn1d\u00a0\u00bb custom_padding=\u00a0\u00bb8vh||8vh||true|false\u00a0\u00bb header_text_shadow_style=\u00a0\u00bbpreset1&Prime; global_colors_info=\u00a0\u00bb{}\u00a0\u00bb]<\/p>\n<p>Vous devez d&rsquo;abord vous authentifier avant d&rsquo;acc\u00e9der \u00e0 cette page.<\/p>\n<p>Merci de contactez l&rsquo;administrateur du site pour plus d&rsquo;informations.<\/p>\n<p>[\/et_pb_blurb][et_pb_button button_url=\u00a0\u00bb#fake-link\u00a0\u00bb button_text=\u00a0\u00bb(re)G\u00e9n\u00e9rer les Hotspots\u00a0\u00bb button_alignment=\u00a0\u00bbcenter\u00a0\u00bb module_class=\u00a0\u00bbgen_xml_files\u00a0\u00bb _builder_version=\u00a0\u00bb4.18.0&Prime; _module_preset=\u00a0\u00bbdefault\u00a0\u00bb custom_button=\u00a0\u00bbon\u00a0\u00bb button_text_size=\u00a0\u00bb17px\u00a0\u00bb button_text_color=\u00a0\u00bb#ffffff\u00a0\u00bb button_bg_color=\u00a0\u00bb#5C0096&Prime; button_border_color=\u00a0\u00bb#FFFFFF\u00a0\u00bb display_conditions=\u00a0\u00bbW3siaWQiOiJlZDBhZGEwNS1jZGNhLTQ5MzktYTVlYi0wNmMwNTc4NTBjZDIiLCJjb25kaXRpb24iOiJsb2dnZWRJblN0YXR1cyIsImNvbmRpdGlvblNldHRpbmdzIjp7ImRpc3BsYXlSdWxlIjoibG9nZ2VkSW4iLCJhZG1pbkxhYmVsIjoiTG9nZ2VkIEluIFN0YXR1cyIsImVuYWJsZUNvbmRpdGlvbiI6Im9uIn0sIm9wZXJhdG9yIjoiT1IifV0=\u00a0\u00bb box_shadow_style=\u00a0\u00bbpreset1&Prime; box_shadow_blur=\u00a0\u00bb25px\u00a0\u00bb box_shadow_color=\u00a0\u00bbrgba(0,0,0,0.8)\u00a0\u00bb global_colors_info=\u00a0\u00bb{}\u00a0\u00bb button_text_color__hover_enabled=\u00a0\u00bboff|hover\u00a0\u00bb button_text_color__hover=\u00a0\u00bb#FFFFFF\u00a0\u00bb button_bg_color__hover_enabled=\u00a0\u00bbon|desktop\u00a0\u00bb button_bg_color__hover=\u00a0\u00bb#000000&Prime; button_bg_enable_color__hover=\u00a0\u00bbon\u00a0\u00bb button_border_color__hover_enabled=\u00a0\u00bboff|desktop\u00a0\u00bb button_border_color__hover=\u00a0\u00bb#8300E9&Prime;][\/et_pb_button][et_pb_code _builder_version=\u00a0\u00bb4.20.2&Prime; _module_preset=\u00a0\u00bbdefault\u00a0\u00bb hover_enabled=\u00a0\u00bb0&Prime; global_colors_info=\u00a0\u00bb{}\u00a0\u00bb sticky_enabled=\u00a0\u00bb0&Prime;]<script><!-- [et_pb_line_break_holder] -->  jQuery(\".et_pb_button\").click(function() {<!-- [et_pb_line_break_holder] -->    event.preventDefault(); <!-- [et_pb_line_break_holder] -->    if (confirm('\u00eates-vous certain(e) de vouloir reg\u00e9n\u00e9rer les Hotspots ?')) {<!-- [et_pb_line_break_holder] -->      jQuery.get(\"\/wp-admin\/admin-ajax.php\",{'action': 'gen_xml_files'}, function (msg) { jQuery(\".result_area\").html(msg);});<!-- [et_pb_line_break_holder] -->    }<!-- [et_pb_line_break_holder] -->    else {alert(\"Action annul\u00e9e. Rien n'a \u00e9t\u00e9 chang\u00e9 dans les Hotspots existants.\")}<!-- [et_pb_line_break_holder] -->  });<!-- [et_pb_line_break_holder] --><\/script><!-- [et_pb_line_break_holder] --><\/p>\n<div class=\"result_area\"><\/div>\n<p>[\/et_pb_code][\/et_pb_column][\/et_pb_row][\/et_pb_section]<\/p>\n<input class=\"fooboxshare_post_id\" type=\"hidden\" value=\"597\"\/>","protected":false},"excerpt":{"rendered":"<p>Ceci (re) g\u00e9n\u00e9rera les hotspots sur le \u00ab site visiteurs \u00bb.cette action est n\u00e9cessaire apr\u00e8s l&rsquo;ajout ou la rectification d&rsquo;un ou de plusieurs PIs (Points d&rsquo;Int\u00e9r\u00eat) dans la console \u00ab Gestion des PIs \u00bb. Assurez vous de v\u00e9rifier apr\u00e8s cette g\u00e9n\u00e9ration que les modifications apport\u00e9es sont bien visible sur le site des visiteurs (pensez \u00e0 [&hellip;]<\/p>\n","protected":false},"author":1,"featured_media":0,"parent":0,"menu_order":3,"comment_status":"closed","ping_status":"closed","template":"","meta":{"_et_pb_use_builder":"on","_et_pb_old_content":"","_et_gb_content_width":"","footnotes":""},"class_list":["post-597","page","type-page","status-publish","hentry"],"_links":{"self":[{"href":"https:\/\/sig.moving-africa.com\/en\/wp-json\/wp\/v2\/pages\/597","targetHints":{"allow":["GET"]}}],"collection":[{"href":"https:\/\/sig.moving-africa.com\/en\/wp-json\/wp\/v2\/pages"}],"about":[{"href":"https:\/\/sig.moving-africa.com\/en\/wp-json\/wp\/v2\/types\/page"}],"author":[{"embeddable":true,"href":"https:\/\/sig.moving-africa.com\/en\/wp-json\/wp\/v2\/users\/1"}],"replies":[{"embeddable":true,"href":"https:\/\/sig.moving-africa.com\/en\/wp-json\/wp\/v2\/comments?post=597"}],"version-history":[{"count":0,"href":"https:\/\/sig.moving-africa.com\/en\/wp-json\/wp\/v2\/pages\/597\/revisions"}],"wp:attachment":[{"href":"https:\/\/sig.moving-africa.com\/en\/wp-json\/wp\/v2\/media?parent=597"}],"curies":[{"name":"wp","href":"https:\/\/api.w.org\/{rel}","templated":true}]}}